{"id":44,"date":"2021-02-21T17:38:29","date_gmt":"2021-02-21T17:38:29","guid":{"rendered":"https:\/\/djfillout.com\/?page_id=44"},"modified":"2025-06-08T16:25:04","modified_gmt":"2025-06-08T16:25:04","slug":"biografia","status":"publish","type":"page","link":"https:\/\/djfillout.com\/index.php\/biografia\/","title":{"rendered":"biograf\u00eda"},"content":{"rendered":"<p>\u00a1Bienvenidos al universo s\u00f3nico de DJ Fillout, un maestro de las tornamesas que transforma la m\u00fasic en experiencias memorables! Conocido por su habilidad para fusionar ritmos vibrantes y elevar cualquier evento a un nivel superior. DJ Fillout es un fen\u00f3meno en constante evoluci\u00f3n en la escena musical contempor\u00e1nea. Originario de La Roda, Albacete, Espa\u00f1a, ha llevado su pasi\u00f3n por la m\u00fasica a nivel internacional.<\/p>\n<p>&nbsp;<\/p>\n<p><img data-recalc-dims=\"1\" loading=\"lazy\" decoding=\"async\" class=\"aligncenter wp-image-55 size-full\" src=\"https:\/\/i0.wp.com\/djfillout.com\/wp-content\/uploads\/2021\/02\/Captura-de-pantalla-2021-01-30-a-las-14.12.48.png?resize=593%2C525&#038;ssl=1\" alt=\"\" width=\"593\" height=\"525\" srcset=\"https:\/\/i0.wp.com\/djfillout.com\/wp-content\/uploads\/2021\/02\/Captura-de-pantalla-2021-01-30-a-las-14.12.48.png?w=593&amp;ssl=1 593w, https:\/\/i0.wp.com\/djfillout.com\/wp-content\/uploads\/2021\/02\/Captura-de-pantalla-2021-01-30-a-las-14.12.48.png?resize=300%2C266&amp;ssl=1 300w\" sizes=\"auto, (max-width: 593px) 100vw, 593px\" \/><\/p>\n<p>&nbsp;<\/p>\n<p>Jos\u00e9 Antonio Fern\u00e1ndez, tambi\u00e9n conocido como Dj Fillout es un DJ afincado en la localidad de La Roda ALBACETE, nacido el 5 de enero de 1986.<\/p>\n<p>Dj Fillout emerge como un talentoso arquitecto de melod\u00edas, cuyos ritmos y selecciones musicales no conocen l\u00edmites. Con un nombre en el escenario que representa plenitud y totalidad, este\u00a0 artista apasionado comenz\u00f3 su viaje en la m\u00fasica desde ni\u00f1o, donde su fascinaci\u00f3n por el arte de mezclar canciones y contar historias a trav\u00e9s de ellas se consolid\u00f3 en 2004.<\/p>\n<p>A lo largo de su adolescencia, DJ Fillout forj\u00f3 sus habilidades y refin\u00f3 su estilo en fiestas locales y peque\u00f1os eventos de la provincia, atrayendo la atenci\u00f3n de los oyentes con su capacidad para fundir g\u00e9neros y crear una experiencia musical \u00fanica. Durante este per\u00edodo formativo, tambi\u00e9n dedic\u00f3 tiempo a desarrollarse como productor musical y beatmaker, perfeccionando sus habilidades<br \/>\npara crear composiciones originales y capturar la esencia de su creatividad en cada nota.<\/p>\n<p>Adem\u00e1s de su \u00e9xito como DJ y productor en la cultura HipHop, DJ Fillout es reconocido por su experiencia en los g\u00e9neros del Techno House, Deep House y la electr\u00f3nica m\u00e1s avanzada.<br \/>\nEstos g\u00e9neros se han convertido en su lienzo sonoro, donde explora y experimenta con ritmos en evoluci\u00f3n constante y sonidos vanguardistas. Su habilidad para fusionar elementos complejos y crear paisajes sonoros cautivadores demuestra su profunda comprensi\u00f3n de la m\u00fasica electr\u00f3nica y su compromiso con la innovaci\u00f3n en la escena musical.<\/p>\n<p><img data-recalc-dims=\"1\" loading=\"lazy\" decoding=\"async\" class=\"aligncenter wp-image-56 size-full\" src=\"https:\/\/i0.wp.com\/djfillout.com\/wp-content\/uploads\/2021\/02\/Captura-de-pantalla-2021-01-30-a-las-14.25.41.png?resize=594%2C390&#038;ssl=1\" alt=\"\" width=\"594\" height=\"390\" srcset=\"https:\/\/i0.wp.com\/djfillout.com\/wp-content\/uploads\/2021\/02\/Captura-de-pantalla-2021-01-30-a-las-14.25.41.png?w=594&amp;ssl=1 594w, https:\/\/i0.wp.com\/djfillout.com\/wp-content\/uploads\/2021\/02\/Captura-de-pantalla-2021-01-30-a-las-14.25.41.png?resize=300%2C197&amp;ssl=1 300w\" sizes=\"auto, (max-width: 594px) 100vw, 594px\" \/><\/p>\n<p>&nbsp;<\/p>\n<h2><em><strong>Palmar\u00e9s<\/strong><\/em><\/h2>\n<p>Su amplia experiencia lo convierte en un artista comprometido con su pasi\u00f3n y un miembro activo de los c\u00edrculos del turntablismo. Ha participado en campeonatos internacionales representando a Espa\u00f1a como:<\/p>\n<p>&#8211; Skrathcher Wild Cuts<br \/>\n&#8211; IDA World<br \/>\n&#8211; DMC World Championship<br \/>\n&#8211; Red Bull 3Style<br \/>\n&#8211; Goldie Awards<br \/>\n&#8211; Ortofon Skratch Nerds<\/p>\n<p>Es reconocido como el director del escenario \u00abSentidos Club\u00bb dentro del prestigioso Festival de los Sentidos. Su papel como director ha sido fundamental para la consolidaci\u00f3n de este escenario como un epicentro vibrante de m\u00fasica electr\u00f3nica y un punto de encuentro para los amantes de los ritmos modernos y djs de nivel provincial y nacional. Tambi\u00e9n acompa\u00f1a dentro del Festival REC Rememberfest a diferentes artistas y djs locales y provinciales dentro de la escena m\u00e1s dance y noventera.<\/p>\n<p><img data-recalc-dims=\"1\" loading=\"lazy\" decoding=\"async\" class=\" wp-image-448 aligncenter\" src=\"https:\/\/i0.wp.com\/djfillout.com\/wp-content\/uploads\/2025\/06\/01-25.jpg?resize=405%2C608&#038;ssl=1\" alt=\"\" width=\"405\" height=\"608\" srcset=\"https:\/\/i0.wp.com\/djfillout.com\/wp-content\/uploads\/2025\/06\/01-25-scaled.jpg?resize=200%2C300&amp;ssl=1 200w, https:\/\/i0.wp.com\/djfillout.com\/wp-content\/uploads\/2025\/06\/01-25-scaled.jpg?resize=683%2C1024&amp;ssl=1 683w, https:\/\/i0.wp.com\/djfillout.com\/wp-content\/uploads\/2025\/06\/01-25-scaled.jpg?resize=768%2C1152&amp;ssl=1 768w, https:\/\/i0.wp.com\/djfillout.com\/wp-content\/uploads\/2025\/06\/01-25-scaled.jpg?resize=1024%2C1536&amp;ssl=1 1024w, https:\/\/i0.wp.com\/djfillout.com\/wp-content\/uploads\/2025\/06\/01-25-scaled.jpg?resize=1365%2C2048&amp;ssl=1 1365w, https:\/\/i0.wp.com\/djfillout.com\/wp-content\/uploads\/2025\/06\/01-25-scaled.jpg?resize=600%2C900&amp;ssl=1 600w, https:\/\/i0.wp.com\/djfillout.com\/wp-content\/uploads\/2025\/06\/01-25-scaled.jpg?w=1707&amp;ssl=1 1707w\" sizes=\"auto, (max-width: 405px) 100vw, 405px\" \/><\/p>\n","protected":false},"excerpt":{"rendered":"<p>\u00a1Bienvenidos al universo s\u00f3nico de DJ Fillout, un maestro de las tornamesas que transforma la m\u00fasic en experiencias memorables! Conocido por su habilidad para fusionar ritmos vibrantes y elevar cualquier evento a un nivel superior. DJ Fillout es un fen\u00f3meno en constante evoluci\u00f3n en la escena musical contempor\u00e1nea. Originario de La Roda, Albacete, Espa\u00f1a, ha&hellip;&nbsp;<a href=\"https:\/\/djfillout.com\/index.php\/biografia\/\" rel=\"bookmark\">Leer m\u00e1s &raquo;<span class=\"screen-reader-text\">biograf\u00eda<\/span><\/a><\/p>\n","protected":false},"author":1,"featured_media":0,"parent":0,"menu_order":0,"comment_status":"closed","ping_status":"closed","template":"","meta":{"_crdt_document":"","neve_meta_sidebar":"full-width","neve_meta_container":"","neve_meta_enable_content_width":"on","neve_meta_content_width":100,"neve_meta_title_alignment":"","neve_meta_author_avatar":"","neve_post_elements_order":"","neve_meta_disable_header":"","neve_meta_disable_footer":"","neve_meta_disable_title":"on","footnotes":""},"class_list":["post-44","page","type-page","status-publish","hentry"],"jetpack-related-posts":[],"jetpack_sharing_enabled":true,"_links":{"self":[{"href":"https:\/\/djfillout.com\/index.php\/wp-json\/wp\/v2\/pages\/44","targetHints":{"allow":["GET"]}}],"collection":[{"href":"https:\/\/djfillout.com\/index.php\/wp-json\/wp\/v2\/pages"}],"about":[{"href":"https:\/\/djfillout.com\/index.php\/wp-json\/wp\/v2\/types\/page"}],"author":[{"embeddable":true,"href":"https:\/\/djfillout.com\/index.php\/wp-json\/wp\/v2\/users\/1"}],"replies":[{"embeddable":true,"href":"https:\/\/djfillout.com\/index.php\/wp-json\/wp\/v2\/comments?post=44"}],"version-history":[{"count":11,"href":"https:\/\/djfillout.com\/index.php\/wp-json\/wp\/v2\/pages\/44\/revisions"}],"predecessor-version":[{"id":451,"href":"https:\/\/djfillout.com\/index.php\/wp-json\/wp\/v2\/pages\/44\/revisions\/451"}],"wp:attachment":[{"href":"https:\/\/djfillout.com\/index.php\/wp-json\/wp\/v2\/media?parent=44"}],"curies":[{"name":"wp","href":"https:\/\/api.w.org\/{rel}","templated":true}]}}