{"id":452,"date":"2025-06-08T16:26:30","date_gmt":"2025-06-08T16:26:30","guid":{"rendered":"https:\/\/djfillout.com\/?page_id=452"},"modified":"2025-06-08T16:40:23","modified_gmt":"2025-06-08T16:40:23","slug":"kodak-pink","status":"publish","type":"page","link":"https:\/\/djfillout.com\/index.php\/kodak-pink\/","title":{"rendered":"Kodak Pink"},"content":{"rendered":"<h3>El Alter Ego Electr\u00f3nico de DJ Fillout<\/h3>\n<p>En la intersecci\u00f3n entre lo anal\u00f3gico y lo digital, entre la nostalgia de los sintetizadores cl\u00e1sicos y la vanguardia del sonido experimental, nace Kodak Pink, el alter ego m\u00e1s electr\u00f3nico, arriesgado y futurista de DJ Fillout.<\/p>\n<p>Bajo este nombre, Jos\u00e9 Antonio Fern\u00e1ndez (aka DJ Fillout) da rienda suelta a su faceta m\u00e1s experimental y clubbing, explorando paisajes sonoros que van desde el Deep Tech, Techno House, Minimal y Electro, hasta las corrientes m\u00e1s abstractas de la electr\u00f3nica contempor\u00e1nea.<\/p>\n<h4>\u00bfQui\u00e9n es Kodak Pink?<\/h4>\n<p>Kodak Pink no es solo un nombre art\u00edstico. Es una experiencia est\u00e9tica y sonora. Es un viaje a trav\u00e9s de la pulsaci\u00f3n del beat, la textura de los sintetizadores y la tensi\u00f3n r\u00edtmica de lo inesperado.<br \/>\nEste proyecto nace de la necesidad de separar lo urbano y lo t\u00e9cnico, de trazar una frontera creativa entre el DJ de ra\u00edces Hip Hop (DJ Fillout) y el productor y selector obsesionado con el dise\u00f1o de sonido y los paisajes digitales electr\u00f3nicos.<\/p>\n<h4>Tracks editados por Labels<\/h4>\n<p>Mona Records VVAA- New World Techno Compilation\u00a0 Vol.VI<iframe style=\"border: 0; width: 100%; height: 42px;\" src=\"https:\/\/bandcamp.com\/EmbeddedPlayer\/album=1838946733\/size=small\/bgcol=ffffff\/linkcol=0687f5\/track=767794013\/transparent=true\/\" seamless=\"\"><span data-mce-type=\"bookmark\" style=\"display: inline-block; width: 0px; overflow: hidden; line-height: 0;\" class=\"mce_SELRES_start\">\ufeff<\/span><span data-mce-type=\"bookmark\" style=\"display: inline-block; width: 0px; overflow: hidden; line-height: 0;\" class=\"mce_SELRES_start\">\ufeff<\/span><a href=\"https:\/\/monarecords.bandcamp.com\/album\/mona-records-new-world-techno-compilation-vol-6\">Mona Records New World Techno Compilation Vol.6 de Mona  Records V.V.A.A<\/a><\/iframe><\/p>\n","protected":false},"excerpt":{"rendered":"<p>El Alter Ego Electr\u00f3nico de DJ Fillout En la intersecci\u00f3n entre lo anal\u00f3gico y lo digital, entre la nostalgia de los sintetizadores cl\u00e1sicos y la vanguardia del sonido experimental, nace Kodak Pink, el alter ego m\u00e1s electr\u00f3nico, arriesgado y futurista de DJ Fillout. Bajo este nombre, Jos\u00e9 Antonio Fern\u00e1ndez (aka DJ Fillout) da rienda suelta&hellip;&nbsp;<a href=\"https:\/\/djfillout.com\/index.php\/kodak-pink\/\" rel=\"bookmark\">Leer m\u00e1s &raquo;<span class=\"screen-reader-text\">Kodak Pink<\/span><\/a><\/p>\n","protected":false},"author":1,"featured_media":0,"parent":0,"menu_order":0,"comment_status":"closed","ping_status":"closed","template":"","meta":{"_crdt_document":"","neve_meta_sidebar":"","neve_meta_container":"","neve_meta_enable_content_width":"off","neve_meta_content_width":100,"neve_meta_title_alignment":"","neve_meta_author_avatar":"","neve_post_elements_order":"","neve_meta_disable_header":"","neve_meta_disable_footer":"","neve_meta_disable_title":"","footnotes":""},"class_list":["post-452","page","type-page","status-publish","hentry"],"jetpack-related-posts":[],"jetpack_sharing_enabled":true,"_links":{"self":[{"href":"https:\/\/djfillout.com\/index.php\/wp-json\/wp\/v2\/pages\/452","targetHints":{"allow":["GET"]}}],"collection":[{"href":"https:\/\/djfillout.com\/index.php\/wp-json\/wp\/v2\/pages"}],"about":[{"href":"https:\/\/djfillout.com\/index.php\/wp-json\/wp\/v2\/types\/page"}],"author":[{"embeddable":true,"href":"https:\/\/djfillout.com\/index.php\/wp-json\/wp\/v2\/users\/1"}],"replies":[{"embeddable":true,"href":"https:\/\/djfillout.com\/index.php\/wp-json\/wp\/v2\/comments?post=452"}],"version-history":[{"count":6,"href":"https:\/\/djfillout.com\/index.php\/wp-json\/wp\/v2\/pages\/452\/revisions"}],"predecessor-version":[{"id":455,"href":"https:\/\/djfillout.com\/index.php\/wp-json\/wp\/v2\/pages\/452\/revisions\/455"}],"wp:attachment":[{"href":"https:\/\/djfillout.com\/index.php\/wp-json\/wp\/v2\/media?parent=452"}],"curies":[{"name":"wp","href":"https:\/\/api.w.org\/{rel}","templated":true}]}}