{"id":473,"date":"2025-10-19T09:00:53","date_gmt":"2025-10-19T09:00:53","guid":{"rendered":"https:\/\/djfillout.com\/?post_type=product&#038;p=473"},"modified":"2025-10-20T07:18:33","modified_gmt":"2025-10-20T07:18:33","slug":"dj-fillout-dj-tools-vol-2","status":"publish","type":"product","link":"https:\/\/djfillout.com\/index.php\/producto\/dj-fillout-dj-tools-vol-2\/","title":{"rendered":"Dj Fillout DJ Tools Vol. 2"},"content":{"rendered":"<p>Ya est\u00e1 en la calle el Volumen 2 de mis DJ Tools \u2014 una colecci\u00f3n pensada por DJs, para DJs.<br \/>\nSi te mola el scratch, los cuts finos y los beats con groove, aqu\u00ed vas a encontrar material fresco para tus sesiones y entrenos.<\/p>\n<p>\ud83d\udc49 Disponible en djfillout.com, Bandcamp y SoundCloud.<br \/>\nB\u00e1jalo, p\u00ednchalo, r\u00f3mpe la aguja si hace falta \ud83d\ude1c<\/p>\n<p>No es un pack m\u00e1s: son sonidos que realmente funcionan en el plato, probados en batallas y sesiones reales.<br \/>\nSi te gusta el scratching con actitud, este es tu rollo.<\/p>\n<p>#DJFillout #DJToolsVol2 #ScratchLife #Turntablism #BattleBreaks #VinylCulture<\/p>\n","protected":false},"excerpt":{"rendered":"<p>Ya est\u00e1 en la calle el Volumen 2 de mis DJ Tools \u2014 una colecci\u00f3n pensada por DJs, para DJs. Si te mola el scratch, los cuts finos y los beats con groove, aqu\u00ed vas a encontrar material fresco para tus sesiones y entrenos. \ud83d\udc49 Disponible en djfillout.com, Bandcamp y SoundCloud. B\u00e1jalo, p\u00ednchalo, r\u00f3mpe la&hellip;&nbsp;<a href=\"https:\/\/djfillout.com\/index.php\/producto\/dj-fillout-dj-tools-vol-2\/\" rel=\"bookmark\">Leer m\u00e1s &raquo;<span class=\"screen-reader-text\">Dj Fillout DJ Tools Vol. 2<\/span><\/a><\/p>\n","protected":false},"featured_media":474,"comment_status":"open","ping_status":"closed","template":"","meta":{"_crdt_document":"","neve_meta_sidebar":"full-width","neve_meta_container":"","neve_meta_enable_content_width":"off","neve_meta_content_width":70,"neve_meta_title_alignment":"","neve_meta_author_avatar":"","neve_post_elements_order":"","neve_meta_disable_header":"","neve_meta_disable_footer":"","neve_meta_disable_title":""},"product_brand":[],"product_cat":[21],"product_tag":[],"class_list":{"0":"post-473","1":"product","2":"type-product","3":"status-publish","4":"has-post-thumbnail","6":"product_cat-dj-tools","8":"first","9":"instock","10":"downloadable","11":"virtual","12":"sold-individually","13":"purchasable","14":"product-type-simple"},"jetpack-related-posts":[],"jetpack_sharing_enabled":true,"_links":{"self":[{"href":"https:\/\/djfillout.com\/index.php\/wp-json\/wp\/v2\/product\/473","targetHints":{"allow":["GET"]}}],"collection":[{"href":"https:\/\/djfillout.com\/index.php\/wp-json\/wp\/v2\/product"}],"about":[{"href":"https:\/\/djfillout.com\/index.php\/wp-json\/wp\/v2\/types\/product"}],"replies":[{"embeddable":true,"href":"https:\/\/djfillout.com\/index.php\/wp-json\/wp\/v2\/comments?post=473"}],"wp:featuredmedia":[{"embeddable":true,"href":"https:\/\/djfillout.com\/index.php\/wp-json\/wp\/v2\/media\/474"}],"wp:attachment":[{"href":"https:\/\/djfillout.com\/index.php\/wp-json\/wp\/v2\/media?parent=473"}],"wp:term":[{"taxonomy":"product_brand","embeddable":true,"href":"https:\/\/djfillout.com\/index.php\/wp-json\/wp\/v2\/product_brand?post=473"},{"taxonomy":"product_cat","embeddable":true,"href":"https:\/\/djfillout.com\/index.php\/wp-json\/wp\/v2\/product_cat?post=473"},{"taxonomy":"product_tag","embeddable":true,"href":"https:\/\/djfillout.com\/index.php\/wp-json\/wp\/v2\/product_tag?post=473"}],"curies":[{"name":"wp","href":"https:\/\/api.w.org\/{rel}","templated":true}]}}